{"id":34,"date":"2019-05-31T17:56:51","date_gmt":"2019-05-31T17:56:51","guid":{"rendered":"http:\/\/sw-themes.com\/porto_dummy\/?post_type=product&#038;p=34"},"modified":"2026-04-16T17:08:21","modified_gmt":"2026-04-16T17:08:21","slug":"ai-powered-ebook","status":"publish","type":"product","link":"https:\/\/yapayzekatasarliyor.com\/tr\/urun\/ai-powered-ebook\/","title":{"rendered":"Yapay zeka destekli e-Kitap"},"content":{"rendered":"","protected":false},"excerpt":{"rendered":"<ul>\n<li><strong>Ad\u0131m Ad\u0131m Anlat\u0131m<\/strong><br \/>\nHer b\u00f6l\u00fcm, video olu\u015fturma s\u00fcrecinde size yol g\u00f6steren, AI ara\u00e7lar\u0131n\u0131 etkili bir \u015fekilde uygulayabilmenizi sa\u011flayan net, takip edilmesi kolay talimatlar sunar.<\/li>\n<li><strong>Kapsaml\u0131 Video Anlat\u0131mlar<\/strong><br \/>\nEn yeni AI video prod\u00fcksiyon ara\u00e7lar\u0131n\u0131n ayr\u0131nt\u0131l\u0131 incelemelerini ke\u015ffedin. \u0130htiya\u00e7lar\u0131n\u0131za uygun do\u011fru yaz\u0131l\u0131m\u0131 se\u00e7menize yard\u0131mc\u0131 olarak \u00f6zelliklerini, art\u0131lar\u0131n\u0131 ve eksilerini ele al\u0131yoruz.<\/li>\n<li><strong>Yarat\u0131c\u0131 Teknikler<\/strong><br \/>\nHikaye anlat\u0131m\u0131 ve g\u00f6rsel tasar\u0131m i\u00e7in yenilik\u00e7i teknikleri \u00f6\u011frenin. Videolar\u0131n\u0131z\u0131 kitlenizin ilgisini \u00e7eken ve i\u00e7eri\u011finizi di\u011ferlerinden ay\u0131ran benzersiz \u00f6\u011felerle geli\u015ftirin.<\/li>\n<\/ul>","protected":false},"featured_media":991,"comment_status":"open","ping_status":"closed","template":"","meta":[],"product_brand":[],"product_cat":[26],"product_tag":[],"class_list":{"0":"post-34","1":"product","2":"type-product","3":"status-publish","4":"has-post-thumbnail","6":"product_cat-ai","8":"first","9":"instock","10":"sale","11":"downloadable","12":"virtual","13":"purchasable","14":"product-type-simple"},"_links":{"self":[{"href":"https:\/\/yapayzekatasarliyor.com\/tr\/wp-json\/wp\/v2\/product\/34","targetHints":{"allow":["GET"]}}],"collection":[{"href":"https:\/\/yapayzekatasarliyor.com\/tr\/wp-json\/wp\/v2\/product"}],"about":[{"href":"https:\/\/yapayzekatasarliyor.com\/tr\/wp-json\/wp\/v2\/types\/product"}],"replies":[{"embeddable":true,"href":"https:\/\/yapayzekatasarliyor.com\/tr\/wp-json\/wp\/v2\/comments?post=34"}],"wp:featuredmedia":[{"embeddable":true,"href":"https:\/\/yapayzekatasarliyor.com\/tr\/wp-json\/wp\/v2\/media\/991"}],"wp:attachment":[{"href":"https:\/\/yapayzekatasarliyor.com\/tr\/wp-json\/wp\/v2\/media?parent=34"}],"wp:term":[{"taxonomy":"product_brand","embeddable":true,"href":"https:\/\/yapayzekatasarliyor.com\/tr\/wp-json\/wp\/v2\/product_brand?post=34"},{"taxonomy":"product_cat","embeddable":true,"href":"https:\/\/yapayzekatasarliyor.com\/tr\/wp-json\/wp\/v2\/product_cat?post=34"},{"taxonomy":"product_tag","embeddable":true,"href":"https:\/\/yapayzekatasarliyor.com\/tr\/wp-json\/wp\/v2\/product_tag?post=34"}],"curies":[{"name":"wp","href":"https:\/\/api.w.org\/{rel}","templated":true}]}}