{"id":3,"date":"2024-10-30T18:21:29","date_gmt":"2024-10-30T18:21:29","guid":{"rendered":"https:\/\/yapayzekatasarliyor.com\/temadeneme\/?page_id=3"},"modified":"2024-11-07T10:43:43","modified_gmt":"2024-11-07T10:43:43","slug":"kvkk","status":"publish","type":"page","link":"https:\/\/yapayzekatasarliyor.com\/tr\/kvkk\/","title":{"rendered":"KVKK"},"content":{"rendered":"<p><strong>KVKK B\u0130LG\u0130LEND\u0130RME METN\u0130<\/strong><\/p>\r\n<p>6698 SAYILI K\u0130\u015e\u0130SEL VER\u0130LER\u0130N KORUNMASI KANUNU KAPSAMINDA B\u0130LG\u0130LEND\u0130RME METN\u0130<\/p>\r\n<p>a) Data Kontrol\u00fc<\/p>\r\n<p>Yapay Zeka Tasar\u0131mlar\u0131 (Bundan sonra \u201c\u015eirket\u201d olarak an\u0131lacakt\u0131r) olarak, 6698 say\u0131l\u0131 Ki\u015fisel Verilerin Korunmas\u0131 Kanunu (Bundan sonra \u201cKVKK\u201d olarak an\u0131lacakt\u0131r) ve ilgili di\u011fer mevzuat kapsam\u0131nda veri sorumlusu s\u0131fat\u0131yla ki\u015fisel verilerinizi i\u015fledi\u011fimizi bilgilerinize sunar\u0131z.<\/p>\r\n<p>b) \u0130\u015flenen Ki\u015fisel Veriler<br \/>Kimlik ve ileti\u015fim bilgilerinizden (Ad\u0131n\u0131z-Soyad\u0131n\u0131z, Telefon numaran\u0131z ve e-posta adresiniz) olu\u015fan ki\u015fisel verileriniz, KVKK ve ilgili di\u011fer mevzuata uygun olarak bu Bilgilendirme Metni\u2019nde belirtilen ama\u00e7lar ve hukuki sebepler kapsam\u0131nda i\u015flenecektir.<\/p>\r\n<p>c) Ki\u015fisel Verilerin Hangi Ama\u00e7larla \u0130\u015flenece\u011fi<\/p>\r\n<p>Ki\u015fisel verileriniz a\u015fa\u011f\u0131daki hukuki sebeplerle i\u015flenecektir,<\/p>\r\n<p>\u2022 \u015eirketimiz taraf\u0131ndan sunulan \u00fcr\u00fcn ve hizmetlerden sizleri faydaland\u0131rmak i\u00e7in gerekli \u00e7al\u0131\u015fmalar\u0131n i\u015f birimlerimiz taraf\u0131ndan yap\u0131lmas\u0131,<br \/>\u2022 \u015eirketimiz taraf\u0131ndan sunulan \u00fcr\u00fcn ve hizmetlerin sizlere \u00f6nerilmesi; \u00fcr\u00fcn ve hizmetlerin sat\u0131\u015f ve pazarlamas\u0131na y\u00f6nelik pazar ara\u015ft\u0131rmas\u0131 faaliyetlerinin planlanmas\u0131 ve\/veya y\u00fcr\u00fct\u00fclmesi,<br \/>\u2022 \u00dcr\u00fcn ve hizmetlerimizden faydalanan m\u00fc\u015fterilerimizi sekt\u00f6r geli\u015fmeleri hakk\u0131nda bilgilendirmek ve bu s\u00fcre\u00e7leri y\u00f6netmek,<\/p>\r\n<p>KVKK\u2019n\u0131n 5. maddesinin (2) numaral\u0131 f\u0131kras\u0131nda belirtildi\u011fi \u00fczere: \u201ca) Kanunlarda a\u00e7\u0131k\u00e7a \u00f6ng\u00f6r\u00fclmesi\u201d, \u201cc) Bir s\u00f6zle\u015fmenin kurulmas\u0131 veya ifas\u0131yla do\u011frudan do\u011fruya ilgili olmas\u0131 kayd\u0131yla, s\u00f6zle\u015fmenin taraflar\u0131na ait ki\u015fisel verilerin i\u015flenmesinin gerekli olmas\u0131\u201d, \u201c\u00e7) Veri sorumlusunun hukuki y\u00fck\u00fcml\u00fcl\u00fc\u011f\u00fcn\u00fc yerine getirebilmesi i\u00e7in zorunlu olmas\u0131\u201d, \u201ce) Bir hakk\u0131n tesisi, kullan\u0131lmas\u0131 veya korunmas\u0131 i\u00e7in veri i\u015flemenin zorunlu olmas\u0131\u201d.<\/p>\r\n<p>d) \u0130\u015flenen Ki\u015fisel Verilerin Kimlere ve Hangi Ama\u00e7la Aktar\u0131labilece\u011fi<br \/>\u015eirketimiz taraf\u0131ndan i\u015flenen ki\u015fisel verileriniz hi\u00e7bir kurum, ger\u00e7ek ki\u015fi veya \u00f6zel hukuk t\u00fczel ki\u015fisine aktar\u0131lmamaktad\u0131r. Ki\u015fisel verileriniz, KVKK'n\u0131n 8(2)(a) maddesi uyar\u0131nca, ilgili ki\u015finin a\u00e7\u0131k r\u0131zas\u0131 olmaks\u0131z\u0131n, ilgili mevzuat uyar\u0131nca yasal y\u00fck\u00fcml\u00fcl\u00fcklerin yerine getirilmesi amac\u0131yla gerekli olmas\u0131 veya talep edilmesi halinde ilgili kamu kurum ve kurulu\u015flar\u0131yla payla\u015f\u0131labilecektir.<\/p>\r\n<p>e) Yurt D\u0131\u015f\u0131na Transfer<br \/>KVKK\u2019n\u0131n 5(2) maddesinde belirtilen hukuki sebeplere dayanarak i\u015flenen ki\u015fisel verileriniz, \u015eirket\u2019in \u00fcr\u00fcn ve hizmetlerinin sat\u0131\u015f ve pazarlama faaliyetlerinin veri tabanlar\u0131 yurt d\u0131\u015f\u0131nda bulunan \u00e7evrimi\u00e7i yaz\u0131l\u0131m sistemleri vas\u0131tas\u0131yla y\u00fcr\u00fct\u00fclmesi sebebiyle KVKK\u2019n\u0131n 9(2) maddesinde yer alan yurtd\u0131\u015f\u0131na aktar\u0131m \u015fartlar\u0131na uygun olarak ilgili ki\u015finin a\u00e7\u0131k r\u0131zas\u0131 olmaks\u0131z\u0131n aktar\u0131labilecektir.<\/p>\r\n<p>\u2022 Ki\u015fisel Verileri Koruma Kurulu (bundan b\u00f6yle \u201cKurul\u201d olarak an\u0131lacakt\u0131r) taraf\u0131ndan yeterli korumaya sahip oldu\u011fu ilan edilen yabanc\u0131 \u00fclkelere (\u201cYeterli Korumaya Sahip Yabanc\u0131 \u00dclke\u201d)<br \/>\u2022 Yabanc\u0131 \u00fclkelere ve\/veya T\u00fcrkiye'deki ve ilgili yabanc\u0131 \u00fclkedeki veri sorumlular\u0131n\u0131n yeterli korumay\u0131 yaz\u0131l\u0131 olarak taahh\u00fct etti\u011fi ve Kurulun ilgili aktar\u0131ma izin verdi\u011fi \u00fclkelere (\u201cYeterli Korumay\u0131 Taahh\u00fct Eden Veri Sorumlusunun Bulundu\u011fu Yabanc\u0131 \u00dclke\u201d).<\/p>\r\n<p>Yukar\u0131da a\u00e7\u0131klanan ama\u00e7lar kapsam\u0131nda i\u015flenen ki\u015fisel verilerinizin yurtd\u0131\u015f\u0131na aktar\u0131m\u0131, \u015eirketimiz taraf\u0131ndan gerekli \u00f6zen g\u00f6sterilerek ve KVKK ve ilgili di\u011fer mevzuat ba\u015fta olmak \u00fczere Kurul kararlar\u0131na ve ilgili d\u00fczenlemelere uygun olarak t\u00fcm gerekli g\u00fcvenlik tedbirleri al\u0131narak ger\u00e7ekle\u015ftirilecektir.<\/p>\r\n<p>f) Ki\u015fisel Verilerin Toplanmas\u0131n\u0131n Y\u00f6netimi ve Hukuki Sebebi<br \/>Ki\u015fisel verileriniz, KVKK\u2019n\u0131n 5(2) maddesinde belirtilen hukuki sebeplere dayal\u0131 olarak, internet sitesinde yer alan ileti\u015fim formunun doldurulmas\u0131, e-posta mesajlar\u0131n\u0131n g\u00f6nderilmesi ve internet sitesinin elektronik ortamda ziyaret edilmesi suretiyle, otomatik veya otomatik olmayan y\u00f6ntemlerle elde edilmektedir. Bu metnin (c) bendinde belirtilen ama\u00e7lar\u0131n yerine getirilmesi i\u00e7in:<\/p>\r\n<p>g) KVKK\u2019n\u0131n 11. Maddesi Kapsam\u0131ndaki Haklar\u0131n\u0131z<br \/>KVKK\u2019n\u0131n 11. maddesi kapsam\u0131nda veri sahibi olarak haklar\u0131n\u0131z bulunmaktad\u0131r ve bu haklara ili\u015fkin taleplerinizi KVKK\u2019n\u0131n 11. maddesi ve 13. maddesinin 1. f\u0131kras\u0131 ile Veri Sorumlusuna Ba\u015fvuru Usul ve Esaslar\u0131 Hakk\u0131nda Tebli\u011f uyar\u0131nca iletebilirsiniz.<\/p>\r\n<p>Kimli\u011finizi tespit edebilmek ve yanl\u0131\u015f ki\u015filere bilgi vermemek amac\u0131yla, \u201cMimar Sinan mah. 167 Sk. No:30\u2033 adresine elektronik posta g\u00f6ndererek, (varsa) \u015eirketimize daha \u00f6nce bildirilen ve sistemlerimizde kay\u0131tl\u0131 bulunan elektronik posta adresini kullanmak suretiyle veya Kurul taraf\u0131ndan ileride belirlenecek di\u011fer y\u00f6ntemlerle ba\u015fvurunuzu iletebilirsiniz.<\/p>\r\n<p>h) Ki\u015fisel Verilerin Saklanma S\u00fcresi<br \/>\u015eirket, ki\u015fisel verilerin i\u015flenme amac\u0131n\u0131n ortadan kalkmas\u0131 ve Kanunlar ve ilgili di\u011fer mevzuat kapsam\u0131nda belirlenen zorunlu saklama s\u00fcrelerinin dolmas\u0131 halinde ki\u015fisel verileri siler, yok eder, yok eder veya anonim hale getirir.<\/p>\r\n<p>i) De\u011fi\u015fiklikler ve G\u00fcncellemeler<br \/>Bu ayd\u0131nlatma metni, 6698 say\u0131l\u0131 Ki\u015fisel Verilerin Korunmas\u0131 Kanunu ve ilgili di\u011fer mevzuat kapsam\u0131nda haz\u0131rlanm\u0131\u015ft\u0131r.\u00a0<\/p>","protected":false},"excerpt":{"rendered":"<p>KVKK INFORMATION TEXT INFORMATION TEXT WITHIN THE SCOPE OF THE PERSONAL DATA PROTECTION LAW NO. 6698 a) Data Controller As Artificial Intelligence Designs (Hereinafter referred to as the \u201cCompany\u201d), we hereby inform you that we process your personal data as the data controller within the scope of the Personal Data Protection Law No. 6698 (Hereinafter [&hellip;]<\/p>","protected":false},"author":1,"featured_media":0,"parent":0,"menu_order":0,"comment_status":"closed","ping_status":"open","template":"","meta":{"footnotes":""},"class_list":["post-3","page","type-page","status-publish","hentry"],"_links":{"self":[{"href":"https:\/\/yapayzekatasarliyor.com\/tr\/wp-json\/wp\/v2\/pages\/3","targetHints":{"allow":["GET"]}}],"collection":[{"href":"https:\/\/yapayzekatasarliyor.com\/tr\/wp-json\/wp\/v2\/pages"}],"about":[{"href":"https:\/\/yapayzekatasarliyor.com\/tr\/wp-json\/wp\/v2\/types\/page"}],"author":[{"embeddable":true,"href":"https:\/\/yapayzekatasarliyor.com\/tr\/wp-json\/wp\/v2\/users\/1"}],"replies":[{"embeddable":true,"href":"https:\/\/yapayzekatasarliyor.com\/tr\/wp-json\/wp\/v2\/comments?post=3"}],"version-history":[{"count":3,"href":"https:\/\/yapayzekatasarliyor.com\/tr\/wp-json\/wp\/v2\/pages\/3\/revisions"}],"predecessor-version":[{"id":1195,"href":"https:\/\/yapayzekatasarliyor.com\/tr\/wp-json\/wp\/v2\/pages\/3\/revisions\/1195"}],"wp:attachment":[{"href":"https:\/\/yapayzekatasarliyor.com\/tr\/wp-json\/wp\/v2\/media?parent=3"}],"curies":[{"name":"wp","href":"https:\/\/api.w.org\/{rel}","templated":true}]}}