{"id":1190,"date":"2024-11-07T10:09:35","date_gmt":"2024-11-07T10:09:35","guid":{"rendered":"https:\/\/yapayzekatasarliyor.com\/?page_id=1190"},"modified":"2024-11-07T10:09:35","modified_gmt":"2024-11-07T10:09:35","slug":"privacy-policy-2","status":"publish","type":"page","link":"https:\/\/yapayzekatasarliyor.com\/tr\/privacy-policy-2\/","title":{"rendered":"Gizlilik Politikas\u0131"},"content":{"rendered":"<h1><strong>Gizlilik Politikas\u0131<\/strong><\/h1>\n<h3>\nSon g\u00fcncelleme: 07\/11\/2024<\/h3>\n<p>G\u00fcvenli\u011finiz bizim i\u00e7in \u00f6nemlidir. Bu nedenle bizimle payla\u015faca\u011f\u0131n\u0131z ki\u015fisel verileriniz \u00f6zenle korunmaktad\u0131r.<\/p>\n<p>Veri sorumlusu olarak biz, Furkan Aydemir olarak, i\u015fbu Gizlilik ve Ki\u015fisel Verilerin Korunmas\u0131 Politikas\u0131 ile sizleri ayd\u0131nlatmay\u0131, hangi ki\u015fisel verilerinizin hangi ama\u00e7la i\u015flenece\u011fi, i\u015flenen verilerin kimlerle ve hangi ama\u00e7la payla\u015f\u0131labilece\u011fi, veri i\u015fleme y\u00f6ntemimiz ve hukuki sebepleri, i\u015flenen verilerinize ili\u015fkin haklar\u0131n\u0131z\u0131n neler oldu\u011fu hususlar\u0131nda bilgilendirmeyi ama\u00e7lamaktay\u0131z.<\/p>\n<p><strong>Toplanan Ki\u015fisel Verileriniz, Toplanma Y\u00f6ntemi ve Hukuki Sebebi<\/strong><br \/>\nIP adresiniz ve kullan\u0131c\u0131 arac\u0131s\u0131 bilgileriniz, yaln\u0131zca analiz amac\u0131yla ve \u00e7erezler vb. teknolojiler arac\u0131l\u0131\u011f\u0131yla, otomatik veya otomatik olmayan y\u00f6ntemlerle ve bazen analitik sa\u011flay\u0131c\u0131lar, reklam a\u011flar\u0131, arama bilgisi sa\u011flay\u0131c\u0131lar\u0131, teknoloji sa\u011flay\u0131c\u0131lar\u0131 gibi \u00fc\u00e7\u00fcnc\u00fc ki\u015filerden temin edilerek, kaydedilerek, saklanarak ve g\u00fcncellenerek, aram\u0131zdaki hizmet ve s\u00f6zle\u015fme ili\u015fkisinin \u00e7er\u00e7evesi ve s\u00fcresi i\u00e7erisinde, me\u015fru menfaat i\u015fleme ko\u015fuluna dayal\u0131 olarak i\u015flenecektir.<\/p>\n<p><strong>Ki\u015fisel Verilerinizin \u0130\u015flenme Amac\u0131<\/strong><br \/>\nBizimle payla\u015ft\u0131\u011f\u0131n\u0131z ki\u015fisel verileriniz yaln\u0131zca analiz amac\u0131yla; sundu\u011fumuz hizmetlerin gereklerini en iyi \u015fekilde yerine getirebilmek, bu hizmetlere azami d\u00fczeyde eri\u015febilmenizi ve faydalanabilmenizi sa\u011flamak, hizmetlerimizi ihtiya\u00e7lar\u0131n\u0131z do\u011frultusunda geli\u015ftirmek ve sizi yasal \u00e7er\u00e7eveler dahilinde daha kapsaml\u0131 hizmet sa\u011flay\u0131c\u0131larla bulu\u015fturmak ve kanundan do\u011fan y\u00fck\u00fcml\u00fcl\u00fckleri yerine getirmek (talep halinde adli ve idari makamlarla ki\u015fisel verilerin payla\u015f\u0131lmas\u0131) amac\u0131yla, s\u00f6zle\u015fme ve hizmet s\u00fcresi boyunca amaca uygun ve \u00f6l\u00e7\u00fcl\u00fc bir \u015fekilde i\u015flenecek ve g\u00fcncellenecektir.<\/p>\n<p><strong>Toplanan Ki\u015fisel Verilerin Kimlere ve Hangi Ama\u00e7larla Aktar\u0131labilece\u011fi<\/strong><br \/>\nBizimle payla\u015ft\u0131\u011f\u0131n\u0131z ki\u015fisel verileriniz, gerekli teknik ve idari tedbirlerin al\u0131nmas\u0131 kayd\u0131yla, talep halinde adli ve idari makamlara, s\u00f6zle\u015fmesel ili\u015fki i\u00e7erisinde oldu\u011fumuz, i\u015f birli\u011fi yapt\u0131\u011f\u0131m\u0131z, hizmet ald\u0131\u011f\u0131m\u0131z ve\/veya sundu\u011fumuz yurt i\u00e7i ve yurt d\u0131\u015f\u0131ndaki \u00fc\u00e7\u00fcnc\u00fc ki\u015filere, kurum ve kurulu\u015flara aktar\u0131labilecektir.<\/p>\n<p><strong>Ki\u015fisel Verileri \u0130\u015flenen Ki\u015fi Olarak Haklar\u0131n\u0131z<\/strong><br \/>\nKVKK\u2019n\u0131n 11. maddesine g\u00f6re herkes, veri sorumlusuna ba\u015fvurarak a\u015fa\u011f\u0131daki haklar\u0131 kullanabilir:<\/p>\n<p>Ki\u015fisel verilerinizin i\u015flenip i\u015flenmedi\u011fini \u00f6\u011frenme,<br \/>\nKi\u015fisel verileri i\u015flenmi\u015fse buna ili\u015fkin bilgi talep etme,<br \/>\nKi\u015fisel verilerin i\u015flenme amac\u0131n\u0131 ve bunlar\u0131n amac\u0131na uygun kullan\u0131l\u0131p kullan\u0131lmad\u0131\u011f\u0131n\u0131 \u00f6\u011frenme,<br \/>\nYurt i\u00e7inde veya yurt d\u0131\u015f\u0131nda ki\u015fisel verilerin aktar\u0131ld\u0131\u011f\u0131 \u00fc\u00e7\u00fcnc\u00fc ki\u015fileri bilme,<br \/>\nKi\u015fisel verilerin eksik veya yanl\u0131\u015f i\u015flenmi\u015f olmas\u0131 h\u00e2linde bunlar\u0131n d\u00fczeltilmesini isteme,<br \/>\nKi\u015fisel verilerin silinmesini veya yok edilmesini talep etme,<br \/>\n(e) ve (f) bentleri uyar\u0131nca yap\u0131lan i\u015flemlerin, ki\u015fisel verilerin aktar\u0131ld\u0131\u011f\u0131 \u00fc\u00e7\u00fcnc\u00fc ki\u015filere bildirilmesini isteme,<br \/>\n\u0130\u015flenen verilerin m\u00fcnhas\u0131ran otomatik sistemler vas\u0131tas\u0131yla analiz edilmesi suretiyle ki\u015finin kendisi aleyhine bir sonucun ortaya \u00e7\u0131kmas\u0131na itiraz etme,<br \/>\nKi\u015fisel verilerin hukuka ayk\u0131r\u0131 olarak i\u015flenmesi sebebiyle zarara u\u011framan\u0131z h\u00e2linde zarar\u0131n giderilmesini talep etme.<\/p>\n<p>Yukar\u0131da s\u0131ralanan haklar\u0131n\u0131z\u0131 kullanmak i\u00e7in info@yapayzekatasarliyor.com adresinden bizimle ileti\u015fime ge\u00e7ebilirsiniz.<\/p>\n<p><strong>\u0130leti\u015fim<\/strong><br \/>\nBu gizlilik ve ki\u015fisel veri i\u015fleme politikas\u0131na uygun olarak, yaln\u0131zca size hizmet sunmak i\u00e7in analizler yapmak amac\u0131yla gerekli olan ki\u015fisel verilerinizin i\u015flenmesini kabul etme veya reddetme konusunda tamamen \u00f6zg\u00fcrs\u00fcn\u00fcz. Siteyi kullanmaya devam ederseniz, bunu kabul etti\u011finizi varsayaca\u011f\u0131z. Daha ayr\u0131nt\u0131l\u0131 bilgi i\u00e7in l\u00fctfen info@yapayzekatasarliyor.com adresinden bizimle ileti\u015fime ge\u00e7mekten \u00e7ekinmeyin.<\/p>","protected":false},"excerpt":{"rendered":"<p>Privacy Policy Last updated: 07\/11\/2024 Your security is important to us. For this reason, the personal data you will share with us is protected with care. As the data controller, we, Furkan Aydemir, aim to enlighten you with this privacy and personal data protection policy, which personal data will be processed for what purpose, with [&hellip;]<\/p>","protected":false},"author":1,"featured_media":0,"parent":0,"menu_order":0,"comment_status":"closed","ping_status":"closed","template":"","meta":{"footnotes":""},"class_list":["post-1190","page","type-page","status-publish","hentry"],"_links":{"self":[{"href":"https:\/\/yapayzekatasarliyor.com\/tr\/wp-json\/wp\/v2\/pages\/1190","targetHints":{"allow":["GET"]}}],"collection":[{"href":"https:\/\/yapayzekatasarliyor.com\/tr\/wp-json\/wp\/v2\/pages"}],"about":[{"href":"https:\/\/yapayzekatasarliyor.com\/tr\/wp-json\/wp\/v2\/types\/page"}],"author":[{"embeddable":true,"href":"https:\/\/yapayzekatasarliyor.com\/tr\/wp-json\/wp\/v2\/users\/1"}],"replies":[{"embeddable":true,"href":"https:\/\/yapayzekatasarliyor.com\/tr\/wp-json\/wp\/v2\/comments?post=1190"}],"version-history":[{"count":1,"href":"https:\/\/yapayzekatasarliyor.com\/tr\/wp-json\/wp\/v2\/pages\/1190\/revisions"}],"predecessor-version":[{"id":1191,"href":"https:\/\/yapayzekatasarliyor.com\/tr\/wp-json\/wp\/v2\/pages\/1190\/revisions\/1191"}],"wp:attachment":[{"href":"https:\/\/yapayzekatasarliyor.com\/tr\/wp-json\/wp\/v2\/media?parent=1190"}],"curies":[{"name":"wp","href":"https:\/\/api.w.org\/{rel}","templated":true}]}}